{"id":6,"date":"2013-08-15T14:26:59","date_gmt":"2013-08-15T13:26:59","guid":{"rendered":"http:\/\/cravan.fr\/berceuses\/?page_id=6"},"modified":"2014-03-22T17:25:54","modified_gmt":"2014-03-22T16:25:54","slug":"accueil","status":"publish","type":"page","link":"https:\/\/cravan.fr\/berceuses\/","title":{"rendered":"Accueil"},"content":{"rendered":"<p style=\"text-align: center;\">Ce site est consacr\u00e9 \u00e0 l&rsquo;artiste Pierre Cravan, \u00e0 sa musique, ses concerts et \u00e0 son actualit\u00e9.<\/p>\n<p style=\"text-align: center;\">En particulier, vous pourrez trouver des informations exclusives concernant son nouvel album.<\/p>\n<p style=\"text-align: center;\">Vous pouvez soutenir ce projet en cliquant sur le lien ci-dessous :<br \/>\n<a title=\"Bon de Commande\" href=\"https:\/\/cravan.fr\/berceuses\/bon-de-commande\/\">Bon de Commande<\/a><\/p>\n<p style=\"text-align: center;\">&#8212;<\/p>\n<div style=\"text-align: right;\"><iframe loading=\"lazy\" id=\"dm_jukebox_iframe\" style=\"overflow: hidden; margin: 0; padding: 0; width: 100%; height: 562px;\" src=\"http:\/\/www.dailymotion.com\/widget\/jukebox?list[]=%2Fplaylist%2Fx345z1_Pierre_Cravan_inutiles-berceuses-pierre-cravan-2014%2F1&amp;skin=default&amp;autoplay=0&amp;automute=0\" height=\"240\" width=\"100%\" frameborder=\"0\" marginwidth=\"0\" marginheight=\"0\" align=\"center\"><\/iframe><a style=\"font-size: 10px; color: #193d5e; text-decoration: none;\" title=\"Powered by Dailymotion\" href=\"http:\/\/www.dailymotion.com\" target=\"_blank\">Powered by <span style=\"text-decoration: underline;\">Dailymotion<\/span><\/a><\/div>\n<p style=\"text-align: center;\">&#8212;<\/p>\n<figure id=\"attachment_488\" aria-describedby=\"caption-attachment-488\" style=\"width: 458px\" class=\"wp-caption aligncenter\"><a href=\"https:\/\/cravan.fr\/berceuses\/wp-content\/uploads\/2013\/08\/Carte-Postale-2014-Recto.jpg\"><img loading=\"lazy\" decoding=\"async\" class=\"size-medium wp-image-488\" alt=\"Carte-Postale-2014-Recto\" src=\"https:\/\/cravan.fr\/berceuses\/wp-content\/uploads\/2013\/08\/Carte-Postale-2014-Recto-458x640.jpg\" width=\"458\" height=\"640\" srcset=\"https:\/\/cravan.fr\/berceuses\/wp-content\/uploads\/2013\/08\/Carte-Postale-2014-Recto-458x640.jpg 458w, https:\/\/cravan.fr\/berceuses\/wp-content\/uploads\/2013\/08\/Carte-Postale-2014-Recto-215x300.jpg 215w, https:\/\/cravan.fr\/berceuses\/wp-content\/uploads\/2013\/08\/Carte-Postale-2014-Recto.jpg 644w\" sizes=\"auto, (max-width: 458px) 100vw, 458px\" \/><\/a><figcaption id=\"caption-attachment-488\" class=\"wp-caption-text\">Carte-Postale-2014-Recto<\/figcaption><\/figure>\n","protected":false},"excerpt":{"rendered":"<p>Ce site est consacr\u00e9 \u00e0 l&rsquo;artiste Pierre Cravan, \u00e0 sa musique, ses concerts et \u00e0 son actualit\u00e9. En particulier, vous pourrez trouver des informations exclusives concernant son nouvel album. Vous pouvez soutenir ce projet en cliquant sur le lien ci-dessous : Bon de Commande &#8212; Powered by Dailymotion &#8212;<\/p>\n","protected":false},"author":1,"featured_media":0,"parent":0,"menu_order":0,"comment_status":"closed","ping_status":"closed","template":"","meta":{"footnotes":""},"class_list":["post-6","page","type-page","status-publish","hentry"],"_links":{"self":[{"href":"https:\/\/cravan.fr\/berceuses\/wp-json\/wp\/v2\/pages\/6","targetHints":{"allow":["GET"]}}],"collection":[{"href":"https:\/\/cravan.fr\/berceuses\/wp-json\/wp\/v2\/pages"}],"about":[{"href":"https:\/\/cravan.fr\/berceuses\/wp-json\/wp\/v2\/types\/page"}],"author":[{"embeddable":true,"href":"https:\/\/cravan.fr\/berceuses\/wp-json\/wp\/v2\/users\/1"}],"replies":[{"embeddable":true,"href":"https:\/\/cravan.fr\/berceuses\/wp-json\/wp\/v2\/comments?post=6"}],"version-history":[{"count":14,"href":"https:\/\/cravan.fr\/berceuses\/wp-json\/wp\/v2\/pages\/6\/revisions"}],"predecessor-version":[{"id":499,"href":"https:\/\/cravan.fr\/berceuses\/wp-json\/wp\/v2\/pages\/6\/revisions\/499"}],"wp:attachment":[{"href":"https:\/\/cravan.fr\/berceuses\/wp-json\/wp\/v2\/media?parent=6"}],"curies":[{"name":"wp","href":"https:\/\/api.w.org\/{rel}","templated":true}]}}