{"id":26,"date":"2013-08-15T17:47:21","date_gmt":"2013-08-15T16:47:21","guid":{"rendered":"http:\/\/cravan.fr\/berceuses\/?page_id=26"},"modified":"2013-08-15T18:01:50","modified_gmt":"2013-08-15T17:01:50","slug":"le-vol-blanc","status":"publish","type":"page","link":"https:\/\/cravan.fr\/berceuses\/le-vol-blanc\/","title":{"rendered":"Le Vol Blanc de l&rsquo;Effraie"},"content":{"rendered":"<p style=\"text-align: center;\"><strong>Pierre Cravan &#8211; Le Vol Blanc de l&rsquo;Effraie (2010)<\/strong><\/p>\n<p style=\"text-align: center;\">Premier album solo de Pierre Cravan, le Vol Blanc de l&rsquo;Effraie contient 12 chansons tr\u00e8s personnelles.<\/p>\n<p style=\"text-align: center;\"><iframe loading=\"lazy\" src=\"http:\/\/www.deezer.com\/fr\/plugins\/player?autoplay=false&amp;playlist=true&amp;width=270&amp;height=600&amp;cover=true&amp;type=album&amp;id=610552&amp;title=&amp;format=vertical&amp;app_id=undefined\" height=\"600\" width=\"270\" frameborder=\"0\" scrolling=\"no\"><\/iframe><\/p>\n<p>Vous pouvez aussi l&rsquo;\u00e9couter sur Deezer : <a href=\"http:\/\/www.deezer.com\/fr\/#music\/pierre-h-cravan\/le-vol-blanc-de-l-effraie-610552\" target=\"_blank\"> <img decoding=\"async\" title=\"T\u00e9l\u00e9chargement Wave Le Vol Blanc\" alt=\"T\u00e9l\u00e9chargement Wave Le Vol Blanc\" src=\"http:\/\/www.yozik.com\/css\/img\/imgdistrib\/deezer.jpg\" \/><\/a> et Spotify : <a href=\"http:\/\/open.spotify.com\/album\/5ocdDiOtjMasol2rfJqiwf\"> <img decoding=\"async\" title=\"T\u00e9l\u00e9chargement Wave Le Vol Blanc\" alt=\"T\u00e9l\u00e9chargement Wave Le Vol Blanc\" src=\"http:\/\/www.yozik.com\/css\/img\/imgdistrib\/spotify.png\" border=\"0\" \/><\/a><\/p>\n<p>&nbsp;<\/p>\n<p>Pour t\u00e9l\u00e9charger, cliquez sur le logo :<\/p>\n<p>&nbsp;<\/p>\n<table width=\"800\" border=\"0\">\n<tbody>\n<tr>\n<td>\n<div align=\"center\"><a href=\"http:\/\/itunes.apple.com\/fr\/album\/le-vol-blanc-de-leffraie\/id381702447?uo=4\" target=\"itunes_store\"><img decoding=\"async\" alt=\"Le\" src=\"http:\/\/ax.phobos.apple.com.edgesuite.net\/images\/web\/linkmaker\/badge_itunes-lrg.gif\" \/><\/a><\/div>\n<\/td>\n<td>\n<div align=\"center\"><a href=\"http:\/\/www.amazon.com\/Le-Vol-Blanc-De-Leffraie\/dp\/B003VQLO0A\/ref=sr_shvl_album_1?ie=UTF8&amp;qid=1279181885&amp;sr=301-1\" target=\"_blank\"> <img decoding=\"async\" title=\"T\u00e9l\u00e9chargement Wave Le Vol Blanc\" alt=\"T\u00e9l\u00e9chargement Wave Le Vol Blanc\" src=\"http:\/\/www.yozik.com\/css\/img\/imgdistrib\/flag-az.gif\" width=\"120\" \/><\/a><\/div>\n<\/td>\n<td>\n<div align=\"center\"><a href=\"http:\/\/telecharger-musique.fnac.com\/fm7799041\/Pierre-H-Cravan-Le-Vol-Blanc-De-L-effraie?PID=81052&amp;Fr=0&amp;To=0\u039d=1&amp;from=1&amp;Mn=-1&amp;Ra=-31\" target=\"_blank\"> <img decoding=\"async\" title=\"T\u00e9l\u00e9chargement Wave Le Vol Blanc\" alt=\"T\u00e9l\u00e9chargement Wave Le Vol Blanc\" src=\"http:\/\/www.yozik.com\/css\/img\/imgdistrib\/fnac-logo.gif\" \/><\/a><\/div>\n<\/td>\n<td><\/td>\n<\/tr>\n<tr>\n<td>\n<div align=\"center\"><a href=\"http:\/\/open.spotify.com\/album\/5ocdDiOtjMasol2rfJqiwf\"> <img decoding=\"async\" title=\"T\u00e9l\u00e9chargement Wave Le Vol Blanc\" alt=\"T\u00e9l\u00e9chargement Wave Le Vol Blanc\" src=\"http:\/\/www.yozik.com\/css\/img\/imgdistrib\/spotify.png\" border=\"0\" \/><\/a><\/div>\n<\/td>\n<td>\n<div align=\"center\"><a href=\"http:\/\/www.deezer.com\/fr\/#music\/pierre-h-cravan\/le-vol-blanc-de-l-effraie-610552\" target=\"_blank\"> <img decoding=\"async\" title=\"T\u00e9l\u00e9chargement Wave Le Vol Blanc\" alt=\"T\u00e9l\u00e9chargement Wave Le Vol Blanc\" src=\"http:\/\/www.yozik.com\/css\/img\/imgdistrib\/deezer.jpg\" \/><\/a><\/div>\n<\/td>\n<td><a href=\"http:\/\/www.virginmega.fr\/musique\/album\/pierre-h-cravan-le-vol-blanc-de-l-effraie-108901057,page1.htm\" target=\"_blank\"> <img decoding=\"async\" title=\"T\u00e9l\u00e9chargement Wave Le Vol Blanc\" alt=\"T\u00e9l\u00e9chargement Wave Le Vol Blanc\" src=\"http:\/\/www.yozik.com\/css\/img\/imgdistrib\/virgin.gif\" width=\"140\" \/><\/a><\/td>\n<\/tr>\n<\/tbody>\n<\/table>\n","protected":false},"excerpt":{"rendered":"<p>Pierre Cravan &#8211; Le Vol Blanc de l&rsquo;Effraie (2010) Premier album solo de Pierre Cravan, le Vol Blanc de l&rsquo;Effraie contient 12 chansons tr\u00e8s personnelles. Vous pouvez aussi l&rsquo;\u00e9couter sur Deezer : et Spotify : &nbsp; Pour t\u00e9l\u00e9charger, cliquez sur le logo : &nbsp;<\/p>\n","protected":false},"author":1,"featured_media":0,"parent":0,"menu_order":0,"comment_status":"closed","ping_status":"closed","template":"","meta":{"footnotes":""},"class_list":["post-26","page","type-page","status-publish","hentry"],"_links":{"self":[{"href":"https:\/\/cravan.fr\/berceuses\/wp-json\/wp\/v2\/pages\/26","targetHints":{"allow":["GET"]}}],"collection":[{"href":"https:\/\/cravan.fr\/berceuses\/wp-json\/wp\/v2\/pages"}],"about":[{"href":"https:\/\/cravan.fr\/berceuses\/wp-json\/wp\/v2\/types\/page"}],"author":[{"embeddable":true,"href":"https:\/\/cravan.fr\/berceuses\/wp-json\/wp\/v2\/users\/1"}],"replies":[{"embeddable":true,"href":"https:\/\/cravan.fr\/berceuses\/wp-json\/wp\/v2\/comments?post=26"}],"version-history":[{"count":7,"href":"https:\/\/cravan.fr\/berceuses\/wp-json\/wp\/v2\/pages\/26\/revisions"}],"predecessor-version":[{"id":37,"href":"https:\/\/cravan.fr\/berceuses\/wp-json\/wp\/v2\/pages\/26\/revisions\/37"}],"wp:attachment":[{"href":"https:\/\/cravan.fr\/berceuses\/wp-json\/wp\/v2\/media?parent=26"}],"curies":[{"name":"wp","href":"https:\/\/api.w.org\/{rel}","templated":true}]}}