{"id":206,"date":"2013-09-11T17:39:23","date_gmt":"2013-09-11T16:39:23","guid":{"rendered":"http:\/\/cravan.fr\/berceuses\/?page_id=206"},"modified":"2023-10-09T11:43:08","modified_gmt":"2023-10-09T10:43:08","slug":"bon-de-commande","status":"publish","type":"page","link":"https:\/\/cravan.fr\/berceuses\/bon-de-commande\/","title":{"rendered":"Bon de Commande &#038; Paiement par Ch\u00e8que"},"content":{"rendered":"<p style=\"text-align: center;\">Vous pouvez commander l&rsquo;album<br \/>\n<em><strong>Inutiles Berceuses<\/strong><\/em>,<br \/>\nsur ce site.<\/p>\n<p style=\"text-align: center;\">Pour un paiement <strong>par ch\u00e8que<\/strong><br \/>\nvous pouvez compl\u00e9ter le formulaire ci-dessous.<\/p>\n<p style=\"text-align: center;\"><strong><span style=\"color: #800000;\">Si vous voulez payer en ligne,<\/span><a title=\"Bon de Commande PayPal\" href=\"https:\/\/cravan.fr\/berceuses\/bon-de-commande-paypal\/\"> c&rsquo;est sur cette page.<\/a><\/strong><\/p>\n<p style=\"text-align: center;\">Vous recevrez un courriel avec toutes les indications n\u00e9cessaires pour envoyer le ch\u00e8que \u00e0 mon adresse.<br \/>\n&#8212;<br \/>\nMerci par avance.<br \/>\nPierre Cravan<\/p>\n<p style=\"text-align: center;\">\u2014\u2014\u2014\u2014\u2014\u2014\u2014\u2014\u2014\u2014\u2014\u2014\u2014\u2014\u2014\u2014\u2014\u2014\u2014\u2014\u2014\u2014\u2014\u2014\u2014\u2014\u2014\u2014\u2014\u2014\u2014\u2014\u2014\u2014\u2014\u2014\u2014\u2014\u2014\u2014\u2014\u2014\u2014\u2014<\/p>\n<p style=\"text-align: center;\">\n","protected":false},"excerpt":{"rendered":"<p>Vous pouvez commander l&rsquo;album Inutiles Berceuses, sur ce site. Pour un paiement par ch\u00e8que vous pouvez compl\u00e9ter le formulaire ci-dessous. Si vous voulez payer en ligne, c&rsquo;est sur cette page. Vous recevrez un courriel avec toutes les indications n\u00e9cessaires pour envoyer le ch\u00e8que \u00e0 mon adresse. &#8212; Merci par avance. Pierre Cravan \u2014\u2014\u2014\u2014\u2014\u2014\u2014\u2014\u2014\u2014\u2014\u2014\u2014\u2014\u2014\u2014\u2014\u2014\u2014\u2014\u2014\u2014\u2014\u2014\u2014\u2014\u2014\u2014\u2014\u2014\u2014\u2014\u2014\u2014\u2014\u2014\u2014\u2014\u2014\u2014\u2014\u2014\u2014\u2014<\/p>\n","protected":false},"author":1,"featured_media":0,"parent":0,"menu_order":0,"comment_status":"closed","ping_status":"closed","template":"","meta":{"footnotes":""},"class_list":["post-206","page","type-page","status-publish","hentry"],"_links":{"self":[{"href":"https:\/\/cravan.fr\/berceuses\/wp-json\/wp\/v2\/pages\/206","targetHints":{"allow":["GET"]}}],"collection":[{"href":"https:\/\/cravan.fr\/berceuses\/wp-json\/wp\/v2\/pages"}],"about":[{"href":"https:\/\/cravan.fr\/berceuses\/wp-json\/wp\/v2\/types\/page"}],"author":[{"embeddable":true,"href":"https:\/\/cravan.fr\/berceuses\/wp-json\/wp\/v2\/users\/1"}],"replies":[{"embeddable":true,"href":"https:\/\/cravan.fr\/berceuses\/wp-json\/wp\/v2\/comments?post=206"}],"version-history":[{"count":12,"href":"https:\/\/cravan.fr\/berceuses\/wp-json\/wp\/v2\/pages\/206\/revisions"}],"predecessor-version":[{"id":631,"href":"https:\/\/cravan.fr\/berceuses\/wp-json\/wp\/v2\/pages\/206\/revisions\/631"}],"wp:attachment":[{"href":"https:\/\/cravan.fr\/berceuses\/wp-json\/wp\/v2\/media?parent=206"}],"curies":[{"name":"wp","href":"https:\/\/api.w.org\/{rel}","templated":true}]}}