{"id":14,"date":"2013-08-15T15:48:35","date_gmt":"2013-08-15T14:48:35","guid":{"rendered":"http:\/\/cravan.fr\/berceuses\/?page_id=14"},"modified":"2014-01-19T20:52:07","modified_gmt":"2014-01-19T19:52:07","slug":"bio","status":"publish","type":"page","link":"https:\/\/cravan.fr\/berceuses\/bio\/","title":{"rendered":"Petite Bio"},"content":{"rendered":"<p>J&rsquo;ai commenc\u00e9 la basse et le chant au lyc\u00e9e en jouant dans des groupes de rock et de metal.<br \/>\nMon premier projet s\u00e9rieux se nommait <strong>Syrinx<\/strong>, groupe de metal progressif de Manosque, dans lequel j&rsquo;\u00e9crivais la plupart des textes et de nombreuses musiques, et o\u00f9 j&rsquo;assurais les ch\u0153urs.<br \/>\nLe groupe a connu un succ\u00e8s d\u2019estime et fait de nombreux concerts.<br \/>\nParall\u00e8lement \u00e0 cette aventure rock, j&rsquo;ai \u00e9tudi\u00e9 le jazz et l\u2019improvisation au conservatoire, ainsi que l\u2019harmonie classique et l\u2019\u00e9criture d\u2019arrangements pour orchestres.<\/p>\n<p>Apr\u00e8s la s\u00e9paration de <strong>Syrinx<\/strong>, j&rsquo;ai particip\u00e9 \u00e0 de nombreux projets, en r\u00e9gion parisienne\u00a0: <strong>Septentrion<\/strong>, groupe de rock progressif, diff\u00e9rentes formations de jazz et Latin Jazz (<strong>Halle-Bop<\/strong>, <strong>Cinco\/Five<\/strong>).<br \/>\nJe n&rsquo;ai jamais cess\u00e9, durant tout ce temps, d\u2019\u00e9crire des chansons et des morceaux instrumentaux, en particulier des musiques pour ballets (<strong>Compagnie l\u2019Impr\u00e9vue<\/strong>).<\/p>\n<p>En 2005, j&rsquo;ai rejoint <strong>Alysse\u00a0<\/strong>; groupe de jazz\/rock endiabl\u00e9 avec lequel j&rsquo;ai r\u00e9alis\u00e9 de nombreux concerts dans des salles parisiennes (New Morning, Sentier des Halles, Gibus) et enregistr\u00e9 un album \u00ab\u00a0<strong><em>Chants des Dunes\u00a0<\/em><\/strong>\u00bb.<br \/>\nEn 2006, <strong>Alysse<\/strong> se s\u00e9pare et je participe \u00e0 la cr\u00e9ation du groupe <strong>EkyNoX<\/strong> avec d\u2019anciens musiciens d\u2019Alysse.<br \/>\nJ&rsquo;ai \u00e9crit et enregistr\u00e9 avec eux un album, \u00ab\u00a0<strong><em>Entre Deux Mondes\u00a0<\/em><\/strong>\u00bb, qui a re\u00e7u un accueil enthousiaste de la part de la critique.<br \/>\nLe groupe a jou\u00e9 de nombreuses fois sur sc\u00e8ne : Sc\u00e8ne Bastille, Sentier des Halles, le Klub, Pavant\u2026<\/p>\n<p>En 2009, J&rsquo;ai pris mon envol et r\u00e9alis\u00e9 seul mon premier LP solo\u00a0: \u00ab\u00a0<strong><em>Le Vol Blanc de l\u2019Effraie\u00a0<\/em><\/strong>\u00bb, sur lequel j&rsquo;ai enregistr\u00e9 tous les instruments, \u00e9crit toutes les chansons, et r\u00e9ailis\u00e9 le mixage.<br \/>\nDepuis la sortie de cet album, j&rsquo;ai form\u00e9 un groupe afin de d\u00e9fendre ces chansons sur sc\u00e8ne.<br \/>\nCyril Diebolt (jusqu&rsquo;en d\u00e9cembre 2011) puis Benjamin Forget (Guitare)\u00a0, Paul Walter (Guitare) et Eric Tuznik (Batterie) constituent un combo passionn\u00e9 et \u00e9nergique qui permet de donner \u00e0 cette musique toute son ampleur.<\/p>\n<p>De nouvelles chansons ont \u00e9t\u00e9 \u00e9crites et jou\u00e9es sur sc\u00e8ne depuis.<br \/>\nElles figurent sur mon nouvel album, \u00ab\u00a0<strong>Inutiles Berceuses<\/strong>\u00a0\u00bb qui vient de para\u00eetre. En \u00e9coute <a title=\"Inutiles Berceuses\" href=\"https:\/\/cravan.fr\/berceuses\/inutiles-berceuses\/\">ICI<\/a>.<\/p>\n<p>Mes influences sont multiples, du fait d\u2019un parcours musical dans lequel j&rsquo;ai refus\u00e9 d\u2019embl\u00e9e toute forme de fronti\u00e8re. Si la chanson (Thi\u00e9faine, Bashung, Saez, Dominique A., Brel, Higelin, Aldebert, JP Nataf, etc.) et la po\u00e9sie (Rimbaud, Lautr\u00e9amont, Baudelaire, Breton, Char, Debord) y ont une place centrale,\u00a0 les sonorit\u00e9s du rock et de la pop (Placebo, Muse, Porcupine Tree, Marillion, Noir D\u00e9sir, T\u00e9l\u00e9phone, Peter Gabriel, Prince, etc.), du jazz et de la musique classique viennent \u00e9clairer ou assombrir l\u2019ensemble de touches de couleurs souvent inattendues et surprenantes.<\/p>\n","protected":false},"excerpt":{"rendered":"<p>J&rsquo;ai commenc\u00e9 la basse et le chant au lyc\u00e9e en jouant dans des groupes de rock et de metal. Mon premier projet s\u00e9rieux se nommait Syrinx, groupe de metal progressif de Manosque, dans lequel j&rsquo;\u00e9crivais la plupart des textes et de nombreuses musiques, et o\u00f9 j&rsquo;assurais les ch\u0153urs. Le groupe a connu un succ\u00e8s d\u2019estime &hellip; <\/p>\n<p class=\"link-more\"><a href=\"https:\/\/cravan.fr\/berceuses\/bio\/\" class=\"more-link\">Continuer la lecture<span class=\"screen-reader-text\"> de &laquo;&nbsp;Petite Bio&nbsp;&raquo;<\/span><\/a><\/p>\n","protected":false},"author":1,"featured_media":0,"parent":0,"menu_order":0,"comment_status":"closed","ping_status":"closed","template":"","meta":{"footnotes":""},"class_list":["post-14","page","type-page","status-publish","hentry"],"_links":{"self":[{"href":"https:\/\/cravan.fr\/berceuses\/wp-json\/wp\/v2\/pages\/14","targetHints":{"allow":["GET"]}}],"collection":[{"href":"https:\/\/cravan.fr\/berceuses\/wp-json\/wp\/v2\/pages"}],"about":[{"href":"https:\/\/cravan.fr\/berceuses\/wp-json\/wp\/v2\/types\/page"}],"author":[{"embeddable":true,"href":"https:\/\/cravan.fr\/berceuses\/wp-json\/wp\/v2\/users\/1"}],"replies":[{"embeddable":true,"href":"https:\/\/cravan.fr\/berceuses\/wp-json\/wp\/v2\/comments?post=14"}],"version-history":[{"count":10,"href":"https:\/\/cravan.fr\/berceuses\/wp-json\/wp\/v2\/pages\/14\/revisions"}],"predecessor-version":[{"id":484,"href":"https:\/\/cravan.fr\/berceuses\/wp-json\/wp\/v2\/pages\/14\/revisions\/484"}],"wp:attachment":[{"href":"https:\/\/cravan.fr\/berceuses\/wp-json\/wp\/v2\/media?parent=14"}],"curies":[{"name":"wp","href":"https:\/\/api.w.org\/{rel}","templated":true}]}}